{"id":949,"date":"2023-01-31T16:39:15","date_gmt":"2023-01-31T15:39:15","guid":{"rendered":"https:\/\/tiptopmonaco.com\/?page_id=949"},"modified":"2023-05-02T15:34:52","modified_gmt":"2023-05-02T13:34:52","slug":"made-in-tiptop","status":"publish","type":"page","link":"https:\/\/tiptop.mc\/it\/made-in-tiptop\/","title":{"rendered":"Made in Tiptop"},"content":{"rendered":"\n<div class=\"wp-block-group container is-layout-constrained wp-block-group-is-layout-constrained\">\n<div class=\"wp-block-cover is-light\" style=\"min-height:500px;aspect-ratio:unset;\"><span aria-hidden=\"true\" class=\"wp-block-cover__background has-background-dim-20 has-background-dim\"><\/span><img loading=\"lazy\" decoding=\"async\" width=\"1300\" height=\"502\" class=\"wp-block-cover__image-background wp-image-173\" alt=\"\" src=\"http:\/\/tiptopmonaco.com\/wp-content\/uploads\/2023\/01\/p6-img-02.jpg\" data-object-fit=\"cover\" srcset=\"https:\/\/tiptop.mc\/wp-content\/uploads\/2023\/01\/p6-img-02.jpg 1300w, https:\/\/tiptop.mc\/wp-content\/uploads\/2023\/01\/p6-img-02-600x232.jpg 600w, https:\/\/tiptop.mc\/wp-content\/uploads\/2023\/01\/p6-img-02-300x116.jpg 300w, https:\/\/tiptop.mc\/wp-content\/uploads\/2023\/01\/p6-img-02-1024x395.jpg 1024w, https:\/\/tiptop.mc\/wp-content\/uploads\/2023\/01\/p6-img-02-768x297.jpg 768w\" sizes=\"auto, (max-width: 1300px) 100vw, 1300px\" \/><div class=\"wp-block-cover__inner-container is-layout-flow wp-block-cover-is-layout-flow\">\n<h1 class=\"wp-block-heading has-text-align-center has-white-color has-text-color\">Made in Tiptop<\/h1>\n<\/div><\/div>\n\n\n\n<div style=\"height:100px\" aria-hidden=\"true\" class=\"wp-block-spacer\"><\/div>\n<\/div>\n\n\n\n<div class=\"wp-block-group is-layout-constrained wp-block-group-is-layout-constrained\">\n<div class=\"wp-block-columns is-layout-flex wp-container-core-columns-is-layout-9d6595d7 wp-block-columns-is-layout-flex\">\n<div class=\"wp-block-column is-layout-flow wp-block-column-is-layout-flow\" style=\"flex-basis:10%\"><\/div>\n\n\n\n<div class=\"wp-block-column is-layout-flow wp-block-column-is-layout-flow\" style=\"flex-basis:80%\">\n<div class=\"wp-block-media-text alignwide has-media-on-the-right is-stacked-on-mobile\"><div class=\"wp-block-media-text__content\">\n<h2 class=\"wp-block-heading\">Prodotti freschi<\/h2>\n\n\n\n<p>Per noi \u00e8 un punto d&#8217;onore offrirvi prodotti freschi e di qualit\u00e0. Promuovere la prossimit\u00e0 e locale. Pomodori freschi &#8220;Antonella&#8221;, farina di grano tenero Sardegna macinata a pietra in Italia, focacce artigianali del nostro fornaio locale, carne di manzo BIO e formaggio AOC del nostro casaro di La Turbie.<\/p>\n\n\n\n<div class=\"wp-block-buttons is-layout-flex wp-block-buttons-is-layout-flex\">\n<div class=\"wp-block-button btn-tiptop\"><a class=\"wp-block-button__link wp-element-button\">Vedi altro<\/a><\/div>\n<\/div>\n<\/div><figure class=\"wp-block-media-text__media\"><img loading=\"lazy\" decoding=\"async\" width=\"1024\" height=\"683\" src=\"http:\/\/tiptopmonaco.com\/wp-content\/uploads\/2023\/03\/AdobeStock_36026947-1024x683.jpeg\" alt=\"\" class=\"wp-image-579 size-full\" srcset=\"https:\/\/tiptop.mc\/wp-content\/uploads\/2023\/03\/AdobeStock_36026947-1024x683.jpeg 1024w, https:\/\/tiptop.mc\/wp-content\/uploads\/2023\/03\/AdobeStock_36026947-scaled-600x400.jpeg 600w, https:\/\/tiptop.mc\/wp-content\/uploads\/2023\/03\/AdobeStock_36026947-300x200.jpeg 300w, https:\/\/tiptop.mc\/wp-content\/uploads\/2023\/03\/AdobeStock_36026947-768x512.jpeg 768w, https:\/\/tiptop.mc\/wp-content\/uploads\/2023\/03\/AdobeStock_36026947-1536x1024.jpeg 1536w, https:\/\/tiptop.mc\/wp-content\/uploads\/2023\/03\/AdobeStock_36026947-2048x1365.jpeg 2048w\" sizes=\"auto, (max-width: 1024px) 100vw, 1024px\" \/><\/figure><\/div>\n\n\n\n<div style=\"height:5rem\" aria-hidden=\"true\" class=\"wp-block-spacer\"><\/div>\n\n\n\n<div class=\"wp-block-media-text alignwide is-stacked-on-mobile\"><figure class=\"wp-block-media-text__media\"><img loading=\"lazy\" decoding=\"async\" width=\"1024\" height=\"681\" src=\"http:\/\/tiptopmonaco.com\/wp-content\/uploads\/2023\/03\/AdobeStock_86543699-1024x681.jpeg\" alt=\"\" class=\"wp-image-578 size-full\" srcset=\"https:\/\/tiptop.mc\/wp-content\/uploads\/2023\/03\/AdobeStock_86543699-1024x681.jpeg 1024w, https:\/\/tiptop.mc\/wp-content\/uploads\/2023\/03\/AdobeStock_86543699-scaled-600x399.jpeg 600w, https:\/\/tiptop.mc\/wp-content\/uploads\/2023\/03\/AdobeStock_86543699-300x200.jpeg 300w, https:\/\/tiptop.mc\/wp-content\/uploads\/2023\/03\/AdobeStock_86543699-768x511.jpeg 768w, https:\/\/tiptop.mc\/wp-content\/uploads\/2023\/03\/AdobeStock_86543699-1536x1022.jpeg 1536w, https:\/\/tiptop.mc\/wp-content\/uploads\/2023\/03\/AdobeStock_86543699-2048x1363.jpeg 2048w\" sizes=\"auto, (max-width: 1024px) 100vw, 1024px\" \/><\/figure><div class=\"wp-block-media-text__content\">\n<h2 class=\"wp-block-heading\">Impasto per pizza fatto in casa<\/h2>\n\n\n\n<p>L&#8217;impasto della nostra pizza \u00e8 realizzato in loco nel nostro laboratorio dal nostro pizzaiolo.<\/p>\n\n\n\n<div class=\"wp-block-buttons is-layout-flex wp-block-buttons-is-layout-flex\">\n<div class=\"wp-block-button btn-tiptop\"><a class=\"wp-block-button__link wp-element-button\">Vedi altro<\/a><\/div>\n<\/div>\n<\/div><\/div>\n\n\n\n<div style=\"height:5rem\" aria-hidden=\"true\" class=\"wp-block-spacer\"><\/div>\n\n\n\n<div class=\"wp-block-media-text alignwide has-media-on-the-right is-stacked-on-mobile\"><div class=\"wp-block-media-text__content\">\n<h2 class=\"wp-block-heading\">Una selezione di vini su misura<\/h2>\n\n\n\n<p>Amanti del vino biologico, le &#8220;sorelle tiptop&#8221; hanno creato per voi una carta dei vini su misura. <\/p>\n\n\n\n<div class=\"wp-block-buttons is-layout-flex wp-block-buttons-is-layout-flex\">\n<div class=\"wp-block-button btn-tiptop\"><a class=\"wp-block-button__link wp-element-button\">Vedi altro<\/a><\/div>\n<\/div>\n<\/div><figure class=\"wp-block-media-text__media\"><img loading=\"lazy\" decoding=\"async\" width=\"1024\" height=\"769\" src=\"http:\/\/tiptopmonaco.com\/wp-content\/uploads\/2023\/03\/P1060458-1024x769.jpg\" alt=\"\" class=\"wp-image-514 size-full\" srcset=\"https:\/\/tiptop.mc\/wp-content\/uploads\/2023\/03\/P1060458-1024x769.jpg 1024w, https:\/\/tiptop.mc\/wp-content\/uploads\/2023\/03\/P1060458-600x451.jpg 600w, https:\/\/tiptop.mc\/wp-content\/uploads\/2023\/03\/P1060458-300x225.jpg 300w, https:\/\/tiptop.mc\/wp-content\/uploads\/2023\/03\/P1060458-768x577.jpg 768w, https:\/\/tiptop.mc\/wp-content\/uploads\/2023\/03\/P1060458-1536x1154.jpg 1536w, https:\/\/tiptop.mc\/wp-content\/uploads\/2023\/03\/P1060458.jpg 2000w\" sizes=\"auto, (max-width: 1024px) 100vw, 1024px\" \/><\/figure><\/div>\n<\/div>\n\n\n\n<div class=\"wp-block-column is-layout-flow wp-block-column-is-layout-flow\" style=\"flex-basis:10%\"><\/div>\n<\/div>\n<\/div>\n\n\n\n<div style=\"height:6em\" aria-hidden=\"true\" class=\"wp-block-spacer\"><\/div>\n","protected":false},"excerpt":{"rendered":"<p>Prodotti freschi Per noi \u00e8 un punto d&#8217;onore offrirvi prodotti freschi e di qualit\u00e0. Promuovere la prossimit\u00e0 e locale. Pomodori freschi &#8220;Antonella&#8221;, farina di grano tenero Sardegna macinata a pietra in Italia, focacce artigianali del nostro fornaio locale, carne di manzo BIO e formaggio AOC del nostro casaro di La Turbie. Impasto per pizza fatto [&hellip;]<\/p>\n","protected":false},"author":2,"featured_media":0,"parent":0,"menu_order":0,"comment_status":"closed","ping_status":"closed","template":"","meta":{"footnotes":""},"class_list":["post-949","page","type-page","status-publish","hentry"],"acf":[],"yoast_head":"<!-- This site is optimized with the Yoast SEO plugin v21.8 - https:\/\/yoast.com\/wordpress\/plugins\/seo\/ -->\n<title>Made in Tiptop - Tip Top<\/title>\n<meta name=\"robots\" content=\"index, follow, max-snippet:-1, max-image-preview:large, max-video-preview:-1\" \/>\n<link rel=\"canonical\" href=\"https:\/\/tiptop.mc\/it\/made-in-tiptop\/\" \/>\n<meta property=\"og:locale\" content=\"it_IT\" \/>\n<meta property=\"og:type\" content=\"article\" \/>\n<meta property=\"og:title\" content=\"Made in Tiptop - Tip Top\" \/>\n<meta property=\"og:description\" content=\"Prodotti freschi Per noi \u00e8 un punto d&#8217;onore offrirvi prodotti freschi e di qualit\u00e0. Promuovere la prossimit\u00e0 e locale. Pomodori freschi &#8220;Antonella&#8221;, farina di grano tenero Sardegna macinata a pietra in Italia, focacce artigianali del nostro fornaio locale, carne di manzo BIO e formaggio AOC del nostro casaro di La Turbie. Impasto per pizza fatto [&hellip;]\" \/>\n<meta property=\"og:url\" content=\"https:\/\/tiptop.mc\/it\/made-in-tiptop\/\" \/>\n<meta property=\"og:site_name\" content=\"Tip Top\" \/>\n<meta property=\"article:publisher\" content=\"https:\/\/www.facebook.com\/TipTopMonaco\/\" \/>\n<meta property=\"article:modified_time\" content=\"2023-05-02T13:34:52+00:00\" \/>\n<meta property=\"og:image\" content=\"http:\/\/tiptopmonaco.com\/wp-content\/uploads\/2023\/01\/p6-img-02.jpg\" \/>\n<meta name=\"twitter:card\" content=\"summary_large_image\" \/>\n<meta name=\"twitter:label1\" content=\"Tempo di lettura stimato\" \/>\n\t<meta name=\"twitter:data1\" content=\"1 minuto\" \/>\n<script type=\"application\/ld+json\" class=\"yoast-schema-graph\">{\"@context\":\"https:\/\/schema.org\",\"@graph\":[{\"@type\":\"WebPage\",\"@id\":\"https:\/\/tiptop.mc\/it\/made-in-tiptop\/\",\"url\":\"https:\/\/tiptop.mc\/it\/made-in-tiptop\/\",\"name\":\"Made in Tiptop - Tip Top\",\"isPartOf\":{\"@id\":\"https:\/\/tiptop.mc\/#website\"},\"datePublished\":\"2023-01-31T15:39:15+00:00\",\"dateModified\":\"2023-05-02T13:34:52+00:00\",\"breadcrumb\":{\"@id\":\"https:\/\/tiptop.mc\/it\/made-in-tiptop\/#breadcrumb\"},\"inLanguage\":\"it-IT\",\"potentialAction\":[{\"@type\":\"ReadAction\",\"target\":[\"https:\/\/tiptop.mc\/it\/made-in-tiptop\/\"]}]},{\"@type\":\"BreadcrumbList\",\"@id\":\"https:\/\/tiptop.mc\/it\/made-in-tiptop\/#breadcrumb\",\"itemListElement\":[{\"@type\":\"ListItem\",\"position\":1,\"name\":\"Accueil\",\"item\":\"https:\/\/tiptop.mc\/it\/\"},{\"@type\":\"ListItem\",\"position\":2,\"name\":\"Made in Tiptop\"}]},{\"@type\":\"WebSite\",\"@id\":\"https:\/\/tiptop.mc\/#website\",\"url\":\"https:\/\/tiptop.mc\/\",\"name\":\"Tip Top\",\"description\":\"Per mangia e b\u00fcve\",\"publisher\":{\"@id\":\"https:\/\/tiptop.mc\/#organization\"},\"potentialAction\":[{\"@type\":\"SearchAction\",\"target\":{\"@type\":\"EntryPoint\",\"urlTemplate\":\"https:\/\/tiptop.mc\/?s={search_term_string}\"},\"query-input\":\"required name=search_term_string\"}],\"inLanguage\":\"it-IT\"},{\"@type\":\"Organization\",\"@id\":\"https:\/\/tiptop.mc\/#organization\",\"name\":\"Tip Top\",\"url\":\"https:\/\/tiptop.mc\/\",\"logo\":{\"@type\":\"ImageObject\",\"inLanguage\":\"it-IT\",\"@id\":\"https:\/\/tiptop.mc\/#\/schema\/logo\/image\/\",\"url\":\"https:\/\/tiptopmonaco.com\/wp-content\/uploads\/2023\/04\/tiptop-logo.png\",\"contentUrl\":\"https:\/\/tiptopmonaco.com\/wp-content\/uploads\/2023\/04\/tiptop-logo.png\",\"width\":1000,\"height\":1000,\"caption\":\"Tip Top\"},\"image\":{\"@id\":\"https:\/\/tiptop.mc\/#\/schema\/logo\/image\/\"},\"sameAs\":[\"https:\/\/www.facebook.com\/TipTopMonaco\/\",\"https:\/\/www.instagram.com\/tiptopmonacoda1938\/\"]}]}<\/script>\n<!-- \/ Yoast SEO plugin. -->","yoast_head_json":{"title":"Made in Tiptop - Tip Top","robots":{"index":"index","follow":"follow","max-snippet":"max-snippet:-1","max-image-preview":"max-image-preview:large","max-video-preview":"max-video-preview:-1"},"canonical":"https:\/\/tiptop.mc\/it\/made-in-tiptop\/","og_locale":"it_IT","og_type":"article","og_title":"Made in Tiptop - Tip Top","og_description":"Prodotti freschi Per noi \u00e8 un punto d&#8217;onore offrirvi prodotti freschi e di qualit\u00e0. Promuovere la prossimit\u00e0 e locale. Pomodori freschi &#8220;Antonella&#8221;, farina di grano tenero Sardegna macinata a pietra in Italia, focacce artigianali del nostro fornaio locale, carne di manzo BIO e formaggio AOC del nostro casaro di La Turbie. Impasto per pizza fatto [&hellip;]","og_url":"https:\/\/tiptop.mc\/it\/made-in-tiptop\/","og_site_name":"Tip Top","article_publisher":"https:\/\/www.facebook.com\/TipTopMonaco\/","article_modified_time":"2023-05-02T13:34:52+00:00","og_image":[{"url":"http:\/\/tiptopmonaco.com\/wp-content\/uploads\/2023\/01\/p6-img-02.jpg"}],"twitter_card":"summary_large_image","twitter_misc":{"Tempo di lettura stimato":"1 minuto"},"schema":{"@context":"https:\/\/schema.org","@graph":[{"@type":"WebPage","@id":"https:\/\/tiptop.mc\/it\/made-in-tiptop\/","url":"https:\/\/tiptop.mc\/it\/made-in-tiptop\/","name":"Made in Tiptop - Tip Top","isPartOf":{"@id":"https:\/\/tiptop.mc\/#website"},"datePublished":"2023-01-31T15:39:15+00:00","dateModified":"2023-05-02T13:34:52+00:00","breadcrumb":{"@id":"https:\/\/tiptop.mc\/it\/made-in-tiptop\/#breadcrumb"},"inLanguage":"it-IT","potentialAction":[{"@type":"ReadAction","target":["https:\/\/tiptop.mc\/it\/made-in-tiptop\/"]}]},{"@type":"BreadcrumbList","@id":"https:\/\/tiptop.mc\/it\/made-in-tiptop\/#breadcrumb","itemListElement":[{"@type":"ListItem","position":1,"name":"Accueil","item":"https:\/\/tiptop.mc\/it\/"},{"@type":"ListItem","position":2,"name":"Made in Tiptop"}]},{"@type":"WebSite","@id":"https:\/\/tiptop.mc\/#website","url":"https:\/\/tiptop.mc\/","name":"Tip Top","description":"Per mangia e b\u00fcve","publisher":{"@id":"https:\/\/tiptop.mc\/#organization"},"potentialAction":[{"@type":"SearchAction","target":{"@type":"EntryPoint","urlTemplate":"https:\/\/tiptop.mc\/?s={search_term_string}"},"query-input":"required name=search_term_string"}],"inLanguage":"it-IT"},{"@type":"Organization","@id":"https:\/\/tiptop.mc\/#organization","name":"Tip Top","url":"https:\/\/tiptop.mc\/","logo":{"@type":"ImageObject","inLanguage":"it-IT","@id":"https:\/\/tiptop.mc\/#\/schema\/logo\/image\/","url":"https:\/\/tiptopmonaco.com\/wp-content\/uploads\/2023\/04\/tiptop-logo.png","contentUrl":"https:\/\/tiptopmonaco.com\/wp-content\/uploads\/2023\/04\/tiptop-logo.png","width":1000,"height":1000,"caption":"Tip Top"},"image":{"@id":"https:\/\/tiptop.mc\/#\/schema\/logo\/image\/"},"sameAs":["https:\/\/www.facebook.com\/TipTopMonaco\/","https:\/\/www.instagram.com\/tiptopmonacoda1938\/"]}]}},"_links":{"self":[{"href":"https:\/\/tiptop.mc\/it\/wp-json\/wp\/v2\/pages\/949","targetHints":{"allow":["GET"]}}],"collection":[{"href":"https:\/\/tiptop.mc\/it\/wp-json\/wp\/v2\/pages"}],"about":[{"href":"https:\/\/tiptop.mc\/it\/wp-json\/wp\/v2\/types\/page"}],"author":[{"embeddable":true,"href":"https:\/\/tiptop.mc\/it\/wp-json\/wp\/v2\/users\/2"}],"replies":[{"embeddable":true,"href":"https:\/\/tiptop.mc\/it\/wp-json\/wp\/v2\/comments?post=949"}],"version-history":[{"count":1,"href":"https:\/\/tiptop.mc\/it\/wp-json\/wp\/v2\/pages\/949\/revisions"}],"predecessor-version":[{"id":950,"href":"https:\/\/tiptop.mc\/it\/wp-json\/wp\/v2\/pages\/949\/revisions\/950"}],"wp:attachment":[{"href":"https:\/\/tiptop.mc\/it\/wp-json\/wp\/v2\/media?parent=949"}],"curies":[{"name":"wp","href":"https:\/\/api.w.org\/{rel}","templated":true}]}}